{"id":73,"date":"2013-12-11T20:18:33","date_gmt":"2013-12-11T18:18:33","guid":{"rendered":"http:\/\/www.thomassen.de\/?page_id=73"},"modified":"2014-11-24T15:40:47","modified_gmt":"2014-11-24T13:40:47","slug":"portugal-2000-und-2010","status":"publish","type":"page","link":"https:\/\/www.thomassen.de\/?page_id=73","title":{"rendered":"Portugal 2000 und 2010"},"content":{"rendered":"<p style=\"font-family: Verdana, Arial, Helvetica, sans-serif; font-size: 18px;\"><span style=\"font-size: medium;\"><a href=\"http:\/\/www.thomassen.de\/wp-content\/uploads\/2013\/12\/Portugal.jpg\"><img loading=\"lazy\" class=\"alignleft size-full wp-image-237\" src=\"http:\/\/www.thomassen.de\/wp-content\/uploads\/2013\/12\/Portugal.jpg\" alt=\"Portugal\" width=\"90\" height=\"60\" \/><\/a>Nachdem ich bereits im Jahr 2000 in Portugal war, haben meine Frau und ich 2010 gemeinsam eine Reise an die Algarve gemacht. Die iberische Halbinsel \u00fcbt auf uns einen besonderen Reiz aus.<\/span><\/p>\n<p style=\"font-family: Verdana, Arial, Helvetica, sans-serif; font-size: 18px;\"><span style=\"font-size: medium;\"><a href=\"http:\/\/www.thomassen.de\/wp-content\/uploads\/2014\/11\/P-AlgDSC03544.jpg\"><img loading=\"lazy\" class=\"alignright wp-image-539 size-medium\" src=\"http:\/\/www.thomassen.de\/wp-content\/uploads\/2014\/11\/P-AlgDSC03544-300x225.jpg\" alt=\"P-AlgDSC03544\" width=\"300\" height=\"225\" srcset=\"https:\/\/www.thomassen.de\/wp-content\/uploads\/2014\/11\/P-AlgDSC03544-300x225.jpg 300w, https:\/\/www.thomassen.de\/wp-content\/uploads\/2014\/11\/P-AlgDSC03544.jpg 600w\" sizes=\"(max-width: 300px) 100vw, 300px\" \/><\/a>Die Algarve beeindruckt besonders durch die Felsformationen und idyllischen Sandstr\u00e4nde. Der Fels am Meer ist duch das Wasser selbst zu bizarren Skulpturen geformt worden. Es ist ein Erlebnis, diesen Anblick nicht nur von der Landseite sondern auch vom Meer aus zu betrachten. Je nach Tageszeit und Lichtverh\u00e4ltnis \u00e4ndert sich das Aussehen und die Farbe der Felsen. Wer eine wilde Fahrt in einem Schnellboot nicht scheut, hat auch die Gelegenheit Delfine zu beobachten die sich vor der K\u00fcste herumtreiben.<\/span><\/p>\n<p style=\"font-family: Verdana, Arial, Helvetica, sans-serif; font-size: 18px;\"><span style=\"font-size: medium;\">Nat\u00fcrlich waren wir auch in der Hauptstadt des Landes, Lissabon.\u00a0Die Stadt beeindruckt nicht nur durch ihre Architektur und Geschichte sondern auch durch ihr kulturelles Angebot. In vielen Fado-Clubs wird zu einem guten Essen Fado live gesungen. Das macht einen Abend in Lissabon unvergesslich.<\/span><\/p>\n<p style=\"font-family: Verdana, Arial, Helvetica, sans-serif; font-size: 18px;\"><span style=\"font-size: medium;\"><a href=\"http:\/\/www.thomassen.de\/wp-content\/uploads\/2014\/11\/P-AlgDSC03433.jpg\"><img loading=\"lazy\" class=\"alignleft size-medium wp-image-527\" src=\"http:\/\/www.thomassen.de\/wp-content\/uploads\/2014\/11\/P-AlgDSC03433-300x225.jpg\" alt=\"P-AlgDSC03433\" width=\"300\" height=\"225\" srcset=\"https:\/\/www.thomassen.de\/wp-content\/uploads\/2014\/11\/P-AlgDSC03433-300x225.jpg 300w, https:\/\/www.thomassen.de\/wp-content\/uploads\/2014\/11\/P-AlgDSC03433.jpg 600w\" sizes=\"(max-width: 300px) 100vw, 300px\" \/><\/a>Zum Pflichtprogramm in Lissabon (Lisboa) geh\u00f6ren aber auch die bedeutenden Sehensw\u00fcrdigkeiten der Stadt. Zun\u00e4chst erhebt sich die Festung Castelo de S\u00e3o Jorge hoch \u00fcber der Alfama, dem \u00e4ltesten und\u00a0wohl auch ber\u00fchmtesten Stadtteil Lissabons. Dieser Stadtteil hat seinen Namen von dem aragonischen Ritterorden Sao Jorge de Alfama.\u00a0Die Alfama selbst erkundet man am besten mit einer der kleinen Trams, die in den engen Gassen umherfahren. Die Hauptkirche der Stadt, S\u00e9 Patriarcal, ist gleichzeitig auch die \u00c4lteste. Ber\u00fchmt ist auch der Elevador Santa Justa, ein Aufzug, der die Oberstadt Lissabons(Chiado und Bairro Alto)\u00a0mit der Unterstadt (Baixa) verbindet.<\/span><\/p>\n<p style=\"font-family: Verdana, Arial, Helvetica, sans-serif; font-size: 18px;\"><span style=\"font-size: medium;\"><a href=\"http:\/\/www.thomassen.de\/wp-content\/uploads\/2014\/11\/P-AlgDSC03462.jpg\"><img loading=\"lazy\" class=\"alignright wp-image-530 size-medium\" src=\"http:\/\/www.thomassen.de\/wp-content\/uploads\/2014\/11\/P-AlgDSC03462-300x225.jpg\" alt=\"P-AlgDSC03462\" width=\"300\" height=\"225\" srcset=\"https:\/\/www.thomassen.de\/wp-content\/uploads\/2014\/11\/P-AlgDSC03462-300x225.jpg 300w, https:\/\/www.thomassen.de\/wp-content\/uploads\/2014\/11\/P-AlgDSC03462.jpg 600w\" sizes=\"(max-width: 300px) 100vw, 300px\" \/><\/a>Der Pra\u00e7a do Com\u00e9rcio liegt\u00a0direkt am\u00a0Tejo, dem zentralen Fluss Lissabons,\u00a0nur durch eine Stra\u00dfe getrennt. Von dort hat man auch einen guten Blick auf die Chriso Rei Statue, dem Gegenst\u00fcck zur Christus Statue in Rio de Janeiro, die weiter flussabw\u00e4rts auf der anderen Seite des Tejo liegt.<\/span><\/p>\n<p style=\"font-family: Verdana, Arial, Helvetica, sans-serif; font-size: 18px;\"><span style=\"font-size: medium;\">Der zentrale Platz Lissabons ist der Rossio.In der Mitte des Platzes befindet sich eine beeindruckende Statue von Dom Pedro IV. Der ganze Platz ist mit einem wellenartigen Mosaik geschm\u00fcckt.<\/span><\/p>\n<p style=\"font-family: Verdana, Arial, Helvetica, sans-serif; font-size: 18px;\"><span style=\"font-size: medium;\"><a href=\"http:\/\/www.thomassen.de\/wp-content\/uploads\/2014\/11\/P-AlgDSC03507.jpg\"><img loading=\"lazy\" class=\"alignleft size-medium wp-image-535\" src=\"http:\/\/www.thomassen.de\/wp-content\/uploads\/2014\/11\/P-AlgDSC03507-300x225.jpg\" alt=\"P-AlgDSC03507\" width=\"300\" height=\"225\" srcset=\"https:\/\/www.thomassen.de\/wp-content\/uploads\/2014\/11\/P-AlgDSC03507-300x225.jpg 300w, https:\/\/www.thomassen.de\/wp-content\/uploads\/2014\/11\/P-AlgDSC03507.jpg 600w\" sizes=\"(max-width: 300px) 100vw, 300px\" \/><\/a>Wenn man am Tejo entlang f\u00e4hrt, kommt man nach kurzer Zeit zu einigen bedeutenden Sehensw\u00fcrdigkeiten, dem Denkmal der Entdeckungen,\u00a0dem Mosteiro dos Jer\u00f3nimos (Hieronymus Kloster) , und dem Torre de Bel\u00e9m, die beiden hier zuletzt genannten geh\u00f6ren zum Weltkulturerbe der UNESCO geh\u00f6rt.<\/span><\/p>\n<p style=\"font-family: Verdana, Arial, Helvetica, sans-serif; font-size: 18px;\"><span style=\"font-size: medium;\">Von unserm Ausflug nach Lissabon kehrten wir dann wieder an die Algarve zur\u00fcck.<\/span><\/p>\n<p style=\"font-family: Verdana, Arial, Helvetica, sans-serif; font-size: 18px;\"><span style=\"font-size: medium;\">Interesse an Portugal? Einige Reiseeindr\u00fccke finden sich in der Bildergalerie.<\/span><\/p>\n","protected":false},"excerpt":{"rendered":"<p>Nachdem ich bereits im Jahr 2000 in Portugal war, haben meine Frau und ich 2010 gemeinsam eine Reise an die Algarve gemacht. Die iberische Halbinsel \u00fcbt auf uns einen besonderen Reiz aus. Die Algarve beeindruckt besonders durch die Felsformationen und &hellip; <a href=\"https:\/\/www.thomassen.de\/?page_id=73\">Weiterlesen <span class=\"meta-nav\">&rarr;<\/span><\/a><\/p>\n","protected":false},"author":1,"featured_media":0,"parent":53,"menu_order":0,"comment_status":"closed","ping_status":"open","template":"","meta":[],"_links":{"self":[{"href":"https:\/\/www.thomassen.de\/index.php?rest_route=\/wp\/v2\/pages\/73"}],"collection":[{"href":"https:\/\/www.thomassen.de\/index.php?rest_route=\/wp\/v2\/pages"}],"about":[{"href":"https:\/\/www.thomassen.de\/index.php?rest_route=\/wp\/v2\/types\/page"}],"author":[{"embeddable":true,"href":"https:\/\/www.thomassen.de\/index.php?rest_route=\/wp\/v2\/users\/1"}],"replies":[{"embeddable":true,"href":"https:\/\/www.thomassen.de\/index.php?rest_route=%2Fwp%2Fv2%2Fcomments&post=73"}],"version-history":[{"count":5,"href":"https:\/\/www.thomassen.de\/index.php?rest_route=\/wp\/v2\/pages\/73\/revisions"}],"predecessor-version":[{"id":545,"href":"https:\/\/www.thomassen.de\/index.php?rest_route=\/wp\/v2\/pages\/73\/revisions\/545"}],"up":[{"embeddable":true,"href":"https:\/\/www.thomassen.de\/index.php?rest_route=\/wp\/v2\/pages\/53"}],"wp:attachment":[{"href":"https:\/\/www.thomassen.de\/index.php?rest_route=%2Fwp%2Fv2%2Fmedia&parent=73"}],"curies":[{"name":"wp","href":"https:\/\/api.w.org\/{rel}","templated":true}]}}