{"id":66,"date":"2013-12-11T20:14:22","date_gmt":"2013-12-11T18:14:22","guid":{"rendered":"http:\/\/www.thomassen.de\/?page_id=66"},"modified":"2014-11-24T13:54:44","modified_gmt":"2014-11-24T11:54:44","slug":"rhodos-2003","status":"publish","type":"page","link":"https:\/\/www.thomassen.de\/?page_id=66","title":{"rendered":"Rhodos 2003"},"content":{"rendered":"<p style=\"font-family: Verdana, Arial, Helvetica, sans-serif; font-size: 18px;\"><span style=\"font-size: medium;\"><a href=\"http:\/\/www.thomassen.de\/wp-content\/uploads\/2014\/11\/GR-Rho-0007-Kamiros.jpg\"><img loading=\"lazy\" class=\"alignleft size-medium wp-image-454\" src=\"http:\/\/www.thomassen.de\/wp-content\/uploads\/2014\/11\/GR-Rho-0007-Kamiros-300x225.jpg\" alt=\"GR-Rho-0007-Kamiros\" width=\"300\" height=\"225\" srcset=\"https:\/\/www.thomassen.de\/wp-content\/uploads\/2014\/11\/GR-Rho-0007-Kamiros-300x225.jpg 300w, https:\/\/www.thomassen.de\/wp-content\/uploads\/2014\/11\/GR-Rho-0007-Kamiros.jpg 600w\" sizes=\"(max-width: 300px) 100vw, 300px\" \/><\/a>Die griechische Insel Rhodos kann auf eine lange Geschichte zur\u00fcckblicken. Bereits ab etwa 2800 v. Chr. entstanden hier bedeutende Ansiedlungen. Ab etwa 1600 v. Chr. besiedelten die Minoer die Insel. Etwa 100 Jahre sp\u00e4ter wurde die Insel von den Mykenern in Beschlag genommen. Als sich schlie\u00dflich die Dorer im 11. Jahrhundert vor Christus auf der\u00a0Insel\u00a0niederlie\u00dfen begann der Aufstieg von Rhodos. Etwa 500 v. Chr. war Rhodos Teil des Persischen Reiches. Anschlie\u00dfend trat Rhodos dem attischen Seebund bei. Nach einer vor\u00fcbergehenden Unabh\u00e4ngigkeit auch dem zweiten attischen Seebund. Im makedonischen Krieg gegen Athen stand Rhodos auf der Seite Alexander des Gro\u00dfen. Nach dessen Tod wurde Rhodos wieder unabh\u00e4ngig. Schlie\u00dflich wurde Rhodos Teil des R\u00f6mischen und sp\u00e4ter des Byzantinischen Reiches. Etwa in dieser Zeit ist auch der Koloss von Rhodos, eines der sieben antiken Weltwunder, entstanden, der allerdings bereits 227 v. Chr. durch ein Erdbeben zerst\u00f6rt wurde.<\/span><\/p>\n<p style=\"font-family: Verdana, Arial, Helvetica, sans-serif; font-size: 18px;\"><span style=\"font-size: medium;\"><a href=\"http:\/\/www.thomassen.de\/wp-content\/uploads\/2014\/11\/GR-Rho-0012-Hafeneinfahrt-Rhodos.jpg\"><img loading=\"lazy\" class=\"alignright wp-image-459 size-medium\" src=\"http:\/\/www.thomassen.de\/wp-content\/uploads\/2014\/11\/GR-Rho-0012-Hafeneinfahrt-Rhodos-300x225.jpg\" alt=\"GR-Rho-0012-Hafeneinfahrt-Rhodos\" width=\"300\" height=\"225\" srcset=\"https:\/\/www.thomassen.de\/wp-content\/uploads\/2014\/11\/GR-Rho-0012-Hafeneinfahrt-Rhodos-300x225.jpg 300w, https:\/\/www.thomassen.de\/wp-content\/uploads\/2014\/11\/GR-Rho-0012-Hafeneinfahrt-Rhodos.jpg 600w\" sizes=\"(max-width: 300px) 100vw, 300px\" \/><\/a>Die Legende, dass der Koloss mit beiden Beinen \u00fcber der Hafeneinfahrt gestanden habe, ist mittlerweile widerlegt. Heute geht man davon aus, dass er oberhalb des Hafens auf einem H\u00fcgel gestanden hat.<\/span><\/p>\n<p style=\"font-family: Verdana, Arial, Helvetica, sans-serif; font-size: 18px;\"><span style=\"font-size: medium;\">In der j\u00fcngeren Geschichte spielen die Kreuzz\u00fcge eine besondere Rolle Bereits 1097 wurde Rhodos durch die Kreuzritter erobert und erst mit dem vierten Kreuzzug 1204 fiel Rhodos an die damalige Gro\u00dfmacht Venedig und sp\u00e4ter wieder an Byzanz. Dem Kreuzritterorden St. Johannis wurde 1307 ein eigenes Herrschaftsgebiet zugesichert. Von dort aus eroberten die Kreuzritter die Insel. In der Folgezeit wurde Rhodos Stadt zu einer Festung ausgebaut.<\/span><\/p>\n<p style=\"font-family: Verdana, Arial, Helvetica, sans-serif; font-size: 18px;\"><a href=\"http:\/\/www.thomassen.de\/wp-content\/uploads\/2014\/11\/GR-Rho-0014-Kamiros.jpg\"><img loading=\"lazy\" class=\"aligncenter wp-image-461 size-medium\" src=\"http:\/\/www.thomassen.de\/wp-content\/uploads\/2014\/11\/GR-Rho-0014-Kamiros-300x225.jpg\" alt=\"GR-Rho-0014-Kamiros\" width=\"300\" height=\"225\" srcset=\"https:\/\/www.thomassen.de\/wp-content\/uploads\/2014\/11\/GR-Rho-0014-Kamiros-300x225.jpg 300w, https:\/\/www.thomassen.de\/wp-content\/uploads\/2014\/11\/GR-Rho-0014-Kamiros.jpg 600w\" sizes=\"(max-width: 300px) 100vw, 300px\" \/><\/a><\/p>\n<p style=\"font-family: Verdana, Arial, Helvetica, sans-serif; font-size: 18px;\"><span style=\"font-size: medium;\">Interesse an Rhodos? Weitere Bilder gibt es in der Bildergalerie.<\/span><\/p>\n","protected":false},"excerpt":{"rendered":"<p>Die griechische Insel Rhodos kann auf eine lange Geschichte zur\u00fcckblicken. Bereits ab etwa 2800 v. Chr. entstanden hier bedeutende Ansiedlungen. Ab etwa 1600 v. Chr. besiedelten die Minoer die Insel. Etwa 100 Jahre sp\u00e4ter wurde die Insel von den Mykenern &hellip; <a href=\"https:\/\/www.thomassen.de\/?page_id=66\">Weiterlesen <span class=\"meta-nav\">&rarr;<\/span><\/a><\/p>\n","protected":false},"author":1,"featured_media":0,"parent":62,"menu_order":0,"comment_status":"closed","ping_status":"open","template":"","meta":[],"_links":{"self":[{"href":"https:\/\/www.thomassen.de\/index.php?rest_route=\/wp\/v2\/pages\/66"}],"collection":[{"href":"https:\/\/www.thomassen.de\/index.php?rest_route=\/wp\/v2\/pages"}],"about":[{"href":"https:\/\/www.thomassen.de\/index.php?rest_route=\/wp\/v2\/types\/page"}],"author":[{"embeddable":true,"href":"https:\/\/www.thomassen.de\/index.php?rest_route=\/wp\/v2\/users\/1"}],"replies":[{"embeddable":true,"href":"https:\/\/www.thomassen.de\/index.php?rest_route=%2Fwp%2Fv2%2Fcomments&post=66"}],"version-history":[{"count":3,"href":"https:\/\/www.thomassen.de\/index.php?rest_route=\/wp\/v2\/pages\/66\/revisions"}],"predecessor-version":[{"id":471,"href":"https:\/\/www.thomassen.de\/index.php?rest_route=\/wp\/v2\/pages\/66\/revisions\/471"}],"up":[{"embeddable":true,"href":"https:\/\/www.thomassen.de\/index.php?rest_route=\/wp\/v2\/pages\/62"}],"wp:attachment":[{"href":"https:\/\/www.thomassen.de\/index.php?rest_route=%2Fwp%2Fv2%2Fmedia&parent=66"}],"curies":[{"name":"wp","href":"https:\/\/api.w.org\/{rel}","templated":true}]}}