{"id":43,"date":"2013-12-11T17:33:11","date_gmt":"2013-12-11T15:33:11","guid":{"rendered":"http:\/\/www.thomassen.de\/?page_id=43"},"modified":"2013-12-24T12:26:21","modified_gmt":"2013-12-24T10:26:21","slug":"home","status":"publish","type":"page","link":"https:\/\/www.thomassen.de\/","title":{"rendered":"Home"},"content":{"rendered":"<p style=\"font-family: Verdana, Arial, Helvetica, sans-serif; font-size: 18px;\"><span style=\"font-size: medium;\">Willkommen auf der Internetseite von J\u00fcrgen Thoma\u00dfen. Hier finden Sie Angaben zur Person, zu pers\u00f6nlichen Interessen und beruflichen Aktivit\u00e4ten.<\/span><\/p>\n<p style=\"font-family: Verdana, Arial, Helvetica, sans-serif; font-size: 18px;\"><span style=\"font-size: medium;\">Interessierte finden\u00a0Schilderungen, Bilder und Videos von Urlaubsreisen.<\/span><\/p>\n<p style=\"font-family: Verdana, Arial, Helvetica, sans-serif; font-size: 18px;\"><span style=\"font-size: medium;\">Nat\u00fcrlich besteht auch die M\u00f6glichkeit, mir hier eine pers\u00f6nliche Nachricht zu senden oder einen Besuch mit einem G\u00e4stebucheintrag zu dokumentieren.<\/span><\/p>\n<p style=\"font-family: Verdana, Arial, Helvetica, sans-serif; font-size: 18px;\"><strong><span style=\"font-size: large;\">Zur Firmenhomepage gelangen Sie hier:<br \/>\n<\/span><\/strong><strong><span style=\"font-size: large;\"><a title=\"Thoma\u00dfen Consult\" href=\"http:\/\/www.thomassen-consult.de\" target=\"_blank\">www.thomassen-consult.de<\/a><\/span><\/strong><\/p>\n","protected":false},"excerpt":{"rendered":"<p>Willkommen auf der Internetseite von J\u00fcrgen Thoma\u00dfen. Hier finden Sie Angaben zur Person, zu pers\u00f6nlichen Interessen und beruflichen Aktivit\u00e4ten. Interessierte finden\u00a0Schilderungen, Bilder und Videos von Urlaubsreisen. Nat\u00fcrlich besteht auch die M\u00f6glichkeit, mir hier eine pers\u00f6nliche Nachricht zu senden oder einen &hellip; <a href=\"https:\/\/www.thomassen.de\/\">Weiterlesen <span class=\"meta-nav\">&rarr;<\/span><\/a><\/p>\n","protected":false},"author":1,"featured_media":0,"parent":0,"menu_order":0,"comment_status":"closed","ping_status":"open","template":"","meta":[],"_links":{"self":[{"href":"https:\/\/www.thomassen.de\/index.php?rest_route=\/wp\/v2\/pages\/43"}],"collection":[{"href":"https:\/\/www.thomassen.de\/index.php?rest_route=\/wp\/v2\/pages"}],"about":[{"href":"https:\/\/www.thomassen.de\/index.php?rest_route=\/wp\/v2\/types\/page"}],"author":[{"embeddable":true,"href":"https:\/\/www.thomassen.de\/index.php?rest_route=\/wp\/v2\/users\/1"}],"replies":[{"embeddable":true,"href":"https:\/\/www.thomassen.de\/index.php?rest_route=%2Fwp%2Fv2%2Fcomments&post=43"}],"version-history":[{"count":7,"href":"https:\/\/www.thomassen.de\/index.php?rest_route=\/wp\/v2\/pages\/43\/revisions"}],"predecessor-version":[{"id":272,"href":"https:\/\/www.thomassen.de\/index.php?rest_route=\/wp\/v2\/pages\/43\/revisions\/272"}],"wp:attachment":[{"href":"https:\/\/www.thomassen.de\/index.php?rest_route=%2Fwp%2Fv2%2Fmedia&parent=43"}],"curies":[{"name":"wp","href":"https:\/\/api.w.org\/{rel}","templated":true}]}}